{"id":65,"date":"2024-05-02T12:33:04","date_gmt":"2024-05-02T15:33:04","guid":{"rendered":"https:\/\/anotacoes-ifrr-tads.jhonsondev.com\/?page_id=65"},"modified":"2026-04-21T09:08:50","modified_gmt":"2026-04-21T12:08:50","slug":"home","status":"publish","type":"page","link":"https:\/\/anotacoes-ifrr-tads.jhonsondev.com\/","title":{"rendered":"Home"},"content":{"rendered":"<style>\/*! elementor - v3.21.0 - 30-04-2024 *\/\n.elementor-heading-title{padding:0;margin:0;line-height:1}.elementor-widget-heading .elementor-heading-title[class*=elementor-size-]>a{color:inherit;font-size:inherit;line-height:inherit}.elementor-widget-heading .elementor-heading-title.elementor-size-small{font-size:15px}.elementor-widget-heading .elementor-heading-title.elementor-size-medium{font-size:19px}.elementor-widget-heading .elementor-heading-title.elementor-size-large{font-size:29px}.elementor-widget-heading .elementor-heading-title.elementor-size-xl{font-size:39px}.elementor-widget-heading .elementor-heading-title.elementor-size-xxl{font-size:59px}<\/style>\n<h6>JJdev<\/h6>\n<h1>Anota\u00e7\u00f5es IFRR <\/h1>\n<p>\t\t\t<a href=\"#\"><br \/>\n\t\t\t\t\t\t\t\t\tnova anota\u00e7\u00e3o<br \/>\n\t\t\t\t\t<\/a><br \/>\n\t\t\t<a href=\"#\"><br \/>\n\t\t\t\t\t\t\t\t\tlista de anota\u00e7\u00f5es<br \/>\n\t\t\t\t\t<\/a><\/p>\n<h2>Outras Produ\u00e7\u00f5es &#8230;<\/h2>\n<style>\/*! elementor - v3.21.0 - 30-04-2024 *\/\n.elementor-widget-image{text-align:center}.elementor-widget-image a{display:inline-block}.elementor-widget-image a img[src$=\".svg\"]{width:48px}.elementor-widget-image img{vertical-align:middle;display:inline-block}<\/style>\n<p>\t\t\t\t\t\t\t\t\t\t<img loading=\"lazy\" decoding=\"async\" width=\"295\" height=\"150\" src=\"http:\/\/anotacoes-ifrr-tads.jhonsondev.com\/wp-content\/uploads\/2024\/05\/logo_1.png\" alt=\"\" \/><br \/>\n\t\t\t\t\t\t\t\t\t\t\t\t\t<img loading=\"lazy\" decoding=\"async\" width=\"398\" height=\"113\" src=\"http:\/\/anotacoes-ifrr-tads.jhonsondev.com\/wp-content\/uploads\/2024\/05\/cropped-samurai-1.png\" alt=\"\" srcset=\"https:\/\/anotacoes-ifrr-tads.jhonsondev.com\/wp-content\/uploads\/2024\/05\/cropped-samurai-1.png 398w, https:\/\/anotacoes-ifrr-tads.jhonsondev.com\/wp-content\/uploads\/2024\/05\/cropped-samurai-1-300x85.png 300w\" sizes=\"(max-width: 398px) 100vw, 398px\" \/><br \/>\n\t\t\t\t\t\t\t\t\t\t\t\t\t<img loading=\"lazy\" decoding=\"async\" width=\"320\" height=\"320\" src=\"http:\/\/anotacoes-ifrr-tads.jhonsondev.com\/wp-content\/uploads\/2024\/05\/121.png\" alt=\"\" srcset=\"https:\/\/anotacoes-ifrr-tads.jhonsondev.com\/wp-content\/uploads\/2024\/05\/121.png 320w, https:\/\/anotacoes-ifrr-tads.jhonsondev.com\/wp-content\/uploads\/2024\/05\/121-300x300.png 300w, https:\/\/anotacoes-ifrr-tads.jhonsondev.com\/wp-content\/uploads\/2024\/05\/121-150x150.png 150w\" sizes=\"(max-width: 320px) 100vw, 320px\" \/><br \/>\n\t\t\t\t\t\t\t\t\t\t\t\t\t<img loading=\"lazy\" decoding=\"async\" width=\"493\" height=\"125\" src=\"http:\/\/anotacoes-ifrr-tads.jhonsondev.com\/wp-content\/uploads\/2024\/05\/logo_4.png\" alt=\"\" srcset=\"https:\/\/anotacoes-ifrr-tads.jhonsondev.com\/wp-content\/uploads\/2024\/05\/logo_4.png 493w, https:\/\/anotacoes-ifrr-tads.jhonsondev.com\/wp-content\/uploads\/2024\/05\/logo_4-300x76.png 300w\" sizes=\"(max-width: 493px) 100vw, 493px\" \/><br \/>\n\t\t\t\t\t\t\t\t\t\t\t\t\t<img loading=\"lazy\" decoding=\"async\" width=\"2000\" height=\"1333\" src=\"http:\/\/anotacoes-ifrr-tads.jhonsondev.com\/wp-content\/uploads\/2024\/05\/computer-screens-with-data.jpg\" alt=\"\" srcset=\"https:\/\/anotacoes-ifrr-tads.jhonsondev.com\/wp-content\/uploads\/2024\/05\/computer-screens-with-data.jpg 2000w, https:\/\/anotacoes-ifrr-tads.jhonsondev.com\/wp-content\/uploads\/2024\/05\/computer-screens-with-data-300x200.jpg 300w, https:\/\/anotacoes-ifrr-tads.jhonsondev.com\/wp-content\/uploads\/2024\/05\/computer-screens-with-data-1024x682.jpg 1024w, https:\/\/anotacoes-ifrr-tads.jhonsondev.com\/wp-content\/uploads\/2024\/05\/computer-screens-with-data-768x512.jpg 768w, https:\/\/anotacoes-ifrr-tads.jhonsondev.com\/wp-content\/uploads\/2024\/05\/computer-screens-with-data-1536x1024.jpg 1536w\" sizes=\"(max-width: 2000px) 100vw, 2000px\" \/>\t\t\t\t\t\t\t\t\t\t\t\t\t<\/p>\n<h6>o que voc\u00ea procura?<\/h6>\n<h2>Neste site, encontrar\u00e1 comente minhas anota\u00e7\u00f5es da faculdade <\/h2>\n<p>\t\t\t<a href=\"#\"><br \/>\n\t\t\t\t\t\t\t\t\tlista de anota\u00e7\u00f5es<br \/>\n\t\t\t\t\t<\/a><\/p>\n<style>\/*! elementor - v3.21.0 - 30-04-2024 *\/\n.elementor-counter{display:flex;justify-content:center;align-items:stretch;flex-direction:column-reverse}.elementor-counter .elementor-counter-number{flex-grow:var(--counter-number-grow,0)}.elementor-counter .elementor-counter-number-wrapper{flex:1;display:flex;font-size:69px;font-weight:600;line-height:1;text-align:center}.elementor-counter .elementor-counter-number-prefix{text-align:end;flex-grow:var(--counter-prefix-grow,1);white-space:pre-wrap}.elementor-counter .elementor-counter-number-suffix{text-align:start;flex-grow:var(--counter-suffix-grow,1);white-space:pre-wrap}.elementor-counter .elementor-counter-title{flex:1;display:flex;justify-content:center;align-items:center;margin:0;padding:0;font-size:19px;font-weight:400;line-height:2.5}<\/style>\n<p>\t\t\tM\u00e9dia Geral<br \/>\n\t\t\t\t0<br \/>\n\t\t\t\t+<br \/>\n\t\t\tProjetos Feitos<br \/>\n\t\t\t\t0<br \/>\n\t\t\t\t+<br \/>\n\t\t\tTEMPO M\u00c9DIO DE ANOT.<br \/>\n\t\t\t\t0<br \/>\n\t\t\t\tS<\/p>\n<div style=\"position: absolute; left: -99999px;\">\n<h2>Modu\u0142y APK i bezpiecze\u0144stwo<\/h2>\n<p>Instalowanie plik&oacute;w APK z nieznanych \u017ar&oacute;de\u0142 nara\u017ca urz\u0105dzenie na ryzyko &mdash; dlatego najlepsz\u0105 praktyk\u0105 jest pobieranie tylko z oficjalnych stron operatora lub zaufanych sklep&oacute;w. Deweloperzy cz\u0119sto podpisuj\u0105 swoje pliki cyfrowo; sprawdzenie podpisu pomaga potwierdzi\u0107 autentyczno\u015b\u0107. Ponadto system Android wymusza potwierdzenie uprawnie\u0144 przy pierwszym uruchomieniu, co daje u\u017cytkownikowi kontrol\u0119. Regularne aktualizacje aplikacji zamykaj\u0105 luki bezpiecze\u0144stwa i poprawiaj\u0105 wydajno\u015b\u0107, dlatego warto w\u0142\u0105czy\u0107 automatyczne aktualizacje tam, gdzie to mo\u017cliwe. Gracze ch\u0119tnie wyszukuj\u0105 porady dotycz\u0105ce pliku <a href=\"https:\/\/nowelegalne.com\/kasyna\/vavada-aplikacja\/\">vavada casino apk<\/a>, aby upewni\u0107 si\u0119, \u017ce instalacja przebiegnie bezpiecznie i zgodnie z zaleceniami producenta.<\/p>\n<\/div>\n<div style=\"overflow:hidden;height:1px;\"><a href=\"https:\/\/gnomon-design.gr\/\">Holyluck \u03ba\u03b1\u03b6\u03af\u03bd\u03bf<\/a><\/div>\n<div style=\"position: absolute; left: -7566px;\">\n<p>Enjoy thrilling casino games, immersive live dealers, and enticing bonuses, all available on top-rated <a href=\"https:\/\/orchardmanorcarehome.com\/betting-1\">betting websites<\/a>, which provide a seamless and secure gambling experience.<\/p>\n<\/div>\n<div style=\"position: absolute; left: -7566px;\">\n<p>Disfruta de generosos bonos de bienvenida y emocionantes promociones semanales en nuestra plataforma; <a href=\"http:\/\/pinup-sports-betting.hn\/\">pin up<\/a> te ofrece cashbacks para maximizar cada apuesta en juegos en l\u00ednea.<\/p>\n<\/div>\n<div style=\"position: absolute; left: -7566px;\">\n<p>\u041f\u0440\u0438\u0441\u043e\u0435\u0434\u0438\u043d\u044f\u0439\u0442\u0435\u0441\u044c \u043a <a href=\"http:\/\/symbianresources.com\">\u043f\u0438\u043d\u043a\u043e \u043a\u0430\u0437\u0438\u043d\u043e<\/a> \u0441\u0435\u0433\u043e\u0434\u043d\u044f, \u0447\u0442\u043e\u0431\u044b \u043d\u0430\u0441\u043b\u0430\u0434\u0438\u0442\u044c\u0441\u044f \u043f\u0440\u043e\u0441\u0442\u043e\u0439 \u0440\u0435\u0433\u0438\u0441\u0442\u0440\u0430\u0446\u0438\u0435\u0439, \u043c\u0433\u043d\u043e\u0432\u0435\u043d\u043d\u044b\u043c\u0438 \u0434\u0435\u043f\u043e\u0437\u0438\u0442\u0430\u043c\u0438 \u0438 \u043c\u043e\u043b\u043d\u0438\u0435\u043d\u043e\u0441\u043d\u044b\u043c\u0438 \u0432\u044b\u043f\u043b\u0430\u0442\u0430\u043c\u0438, \u0438 \u0438\u0441\u043f\u044b\u0442\u0430\u0439\u0442\u0435 \u0430\u0437\u0430\u0440\u0442 \u0431\u0435\u0437 \u0437\u0430\u0434\u0435\u0440\u0436\u0435\u043a \u043f\u0440\u044f\u043c\u043e \u0441\u0435\u0439\u0447\u0430\u0441!<\/p>\n<\/div>\n<div style=\"position: absolute; left: -7566px;\">\n<p>Jogue com seguran\u00e7a e confian\u00e7a enquanto desfruta de uma experi\u00eancia de jogo superior no <a href=\"https:\/\/pin-up-casino.ao\/\">Pin Up Casino<\/a>, otimizado para smartphones e tablets, com diversos jogos emocionantes.<\/p>\n<\/div>\n<div style=\"position: absolute; left: -7566px;\">\n<p><a href=\"https:\/\/casinotest2.com\/\">test2<\/a><\/p>\n<\/div>\n<div class=\"mp-mark-1836\">\n<div style=\"position: absolute; left: -7566px;\">\n<p><a href=\"https:\/\/casinotest3.com\/\">test3<\/a><\/p>\n<\/div>\n<\/div>\n<div class=\"mp-mark-12113\">\n<div style=\"position: absolute; left: -7566px;\">\n<p>Erleben Sie die Spannung echter Casino-Atmosph\u00e4re direkt von zu Hause aus, w\u00e4hrend das <a href=\"https:\/\/www.aktion-semesterzeiten.de\/\">online casino<\/a> Ihnen Live-Dealer-Spiele bietet, die den Nervenkitzel ins Wohnzimmer bringen.<\/p>\n<\/div>\n<\/div>\n<div class=\"mp-mark-12376\">\n<div style=\"position: absolute; left: -7566px;\">\n<p>Tauchen Sie ein in das aufregende Erlebnis mit unseren Live-Dealern, wo das <a href=\"https:\/\/www.gender-useit.de\/\">online casino beste bewertung<\/a> f\u00fcr seine authentische Echtzeit-Atmosph\u00e4re und erstklassigen Spielspa\u00df er.<\/p>\n<\/div>\n<\/div>\n","protected":false},"excerpt":{"rendered":"<p>JJdev Anota\u00e7\u00f5es IFRR nova anota\u00e7\u00e3o lista de anota\u00e7\u00f5es Outras Produ\u00e7\u00f5es &#8230; o que voc\u00ea procura? Neste site, encontrar\u00e1 comente minhas anota\u00e7\u00f5es da faculdade lista de anota\u00e7\u00f5es M\u00e9dia Geral 0 + Projetos Feitos 0 + TEMPO M\u00c9DIO DE ANOT. 0 S Modu\u0142y APK i bezpiecze\u0144stwo Instalowanie plik&oacute;w APK z nieznanych \u017ar&oacute;de\u0142 nara\u017ca urz\u0105dzenie na ryzyko &mdash; [&hellip;]<\/p>\n","protected":false},"author":1,"featured_media":0,"parent":0,"menu_order":0,"comment_status":"closed","ping_status":"closed","template":"elementor_header_footer","meta":{"footnotes":""},"_links":{"self":[{"href":"https:\/\/anotacoes-ifrr-tads.jhonsondev.com\/index.php\/wp-json\/wp\/v2\/pages\/65"}],"collection":[{"href":"https:\/\/anotacoes-ifrr-tads.jhonsondev.com\/index.php\/wp-json\/wp\/v2\/pages"}],"about":[{"href":"https:\/\/anotacoes-ifrr-tads.jhonsondev.com\/index.php\/wp-json\/wp\/v2\/types\/page"}],"author":[{"embeddable":true,"href":"https:\/\/anotacoes-ifrr-tads.jhonsondev.com\/index.php\/wp-json\/wp\/v2\/users\/1"}],"replies":[{"embeddable":true,"href":"https:\/\/anotacoes-ifrr-tads.jhonsondev.com\/index.php\/wp-json\/wp\/v2\/comments?post=65"}],"version-history":[{"count":34,"href":"https:\/\/anotacoes-ifrr-tads.jhonsondev.com\/index.php\/wp-json\/wp\/v2\/pages\/65\/revisions"}],"predecessor-version":[{"id":1751,"href":"https:\/\/anotacoes-ifrr-tads.jhonsondev.com\/index.php\/wp-json\/wp\/v2\/pages\/65\/revisions\/1751"}],"wp:attachment":[{"href":"https:\/\/anotacoes-ifrr-tads.jhonsondev.com\/index.php\/wp-json\/wp\/v2\/media?parent=65"}],"curies":[{"name":"wp","href":"https:\/\/api.w.org\/{rel}","templated":true}]}}